{"id":2511,"date":"2016-10-28T22:21:33","date_gmt":"2016-10-28T20:21:33","guid":{"rendered":"http:\/\/www.tomaszowice.diecezja.lublin.pl\/?page_id=2511"},"modified":"2026-01-27T21:15:28","modified_gmt":"2026-01-27T20:15:28","slug":"regulamin-cmentarza-parafialnego","status":"publish","type":"page","link":"https:\/\/www.tomaszowice.diecezja.lublin.pl\/?page_id=2511","title":{"rendered":"Cmentarz parafialny"},"content":{"rendered":"\n<p><\/p>\n\n\n\n<div class=\"wp-block-buttons is-layout-flex wp-block-buttons-is-layout-flex\">\n<div class=\"wp-block-button\"><a class=\"wp-block-button__link wp-element-button\" href=\"https:\/\/cmentarz.app\/cemeteries\/BUY59\/buried-cards\">Mapa pochowanych<\/a><\/div>\n<\/div>\n\n\n\n<p><\/p>\n\n\n<p style=\"text-align: center;\"><strong>REGULAMIN CMENTARZA PARAFIALNEGO<\/strong><\/p>\n<p><strong>Ko\u015bci\u00f3\u0142 zawsze uwa\u017ca\u0142 cmentarze, grobowce, jak i poszczeg\u00f3lne mogi\u0142y, gdzie spoczywaj\u0105 cia\u0142a zmar\u0142ych, za miejsca \u015bwi\u0119te. Prawo kanoniczne okre\u015bla: <em>miejscami \u015bwi\u0119tymi s\u0105 te, kt\u00f3re przez po\u015bwi\u0119cenie lub b\u0142ogos\u0142awie\u0144stwo, dokonane wed\u0142ug przepis\u00f3w ksi\u0105g liturgicznych, przeznacza si\u0119 do kultu Bo\u017cego lub na grzebanie wiernych <\/em>\/KPK, kan. 1205\/.<br \/>Cmentarz jest miejscem ciszy, modlitwy i zadumy, nale\u017cy wi\u0119c zachowa\u0107 spok\u00f3j i uszanowa\u0107 jego \u015bwi\u0119to\u015b\u0107.<br \/>Wierni, kt\u00f3rych B\u00f3g powo\u0142a\u0142 do siebie, oczekuj\u0105 tutaj na dzie\u0144 zmartwychwstania.<\/strong><\/p>\n<ol>\n<li><strong> Cmentarz grzebalny w Tomaszowicach jest w\u0142asno\u015bci\u0105<br \/><\/strong><strong>\u00a0\u00a0\u00a0\u00a0\u00a0\u00a0\u00a0\u00a0\u00a0\u00a0\u00a0\u00a0\u00a0\u00a0\u00a0\u00a0\u00a0\u00a0\u00a0\u00a0\u00a0\u00a0 Parafii pw. \u015bw. Piotra i Paw\u0142a.<\/strong><\/li>\n<li><strong> Administratorem cmentarza jest Ksi\u0105dz Proboszcz, kt\u00f3ry zarz\u0105dza nim<br \/><\/strong><strong>\u00a0\u00a0\u00a0 samodzielnie lub przez pe\u0142nomocnika, kt\u00f3rym jest\u00a0 grabarz.<\/strong><\/li>\n<li><strong> Dzieci w wieku do lat 7 mog\u0105 przebywa\u0107 na terenie cmentarza tylko<br \/><\/strong><strong>\u00a0\u00a0\u00a0 pod opiek\u0105 doros\u0142ych.<\/strong><\/li>\n<li><strong> Zabrania si\u0119 je\u017cd\u017cenia na terenie cmentarza rowerami i innymi<br \/><\/strong><strong>\u00a0\u00a0\u00a0 pojazdami, chodzenia po trawnikach i grobach oraz wprowadzania<br \/><\/strong><strong>\u00a0\u00a0\u00a0 ps\u00f3w\u00a0 i innych zwierz\u0105t.<\/strong><\/li>\n<li><strong> Cmentarz nale\u017cy utrzymywa\u0107\u00a0 jako teren zielony o charakterze<br \/><\/strong><strong>\u00a0\u00a0\u00a0 parkowym. Ziele\u0144 na cmentarzu podlega ochronie przed<br \/><\/strong><strong>\u00a0\u00a0\u00a0 zniszczeniem. Sadzenie lub wycinanie drzew mo\u017ce nast\u0105pi\u0107 tylko za<br \/><\/strong><strong>\u00a0\u00a0\u00a0 zgod\u0105 Administratora ? w wypadkach uzasadnionych racjonaln\u0105<br \/><\/strong><strong>\u00a0\u00a0\u00a0 gospodark\u0105 zadrzewienia oraz zgodnie z planem zagospodarowania<br \/><\/strong><strong>\u00a0\u00a0\u00a0 terenu cmentarza.<br \/><\/strong><strong>\u00a0\u00a0\u00a0 Bez zgody Administratora cmentarza\u00a0 nie mo\u017cna umieszcza\u0107 w<br \/><\/strong><strong>\u00a0\u00a0\u00a0\u00a0 alejkach\u00a0 \u0142awek, wykonywa\u0107\u00a0 betonowych podest\u00f3w , opasek\u00a0 i<br \/><\/strong><strong>\u00a0\u00a0\u00a0\u00a0 p\u0142otk\u00f3w\u00a0 przy grobie.<br \/><\/strong><strong>\u00a0\u00a0\u00a0\u00a0 Administrator cmentarza\u00a0 ma prawo wezwa\u0107 dysponenta grobu lub<br \/><\/strong><strong>\u00a0\u00a0\u00a0\u00a0 rodzin\u0119 do usuni\u0119cia nasadze\u0144 i przedmiot\u00f3w wymienionych w<br \/><\/strong><strong>\u00a0\u00a0\u00a0\u00a0 punkcie 5, zakre\u015blaj\u0105c termin wykonania. Po bezskutecznym up\u0142ywie<br \/><\/strong><strong>\u00a0\u00a0\u00a0\u00a0 terminu Administrator cmentarza ma prawo do usuni\u0119cia wy\u017cej<br \/><\/strong><strong>\u00a0\u00a0\u00a0 wymienionych przedmiot\u00f3w i nasadze\u0144 bez powiadomienia<br \/><\/strong><strong>\u00a0\u00a0\u00a0 dysponenta grobu lub rodziny.<\/strong><\/li>\n<li><strong> Przej\u015bcia pomi\u0119dzy grobami mog\u0105 by\u0107<br \/><\/strong><strong>\u00a0\u00a0\u00a0\u00a0 zagospodarowane wy\u0142\u0105cznie za zgod\u0105 Administratora cmentarza<br \/><\/strong><strong>\u00a0\u00a0\u00a0\u00a0 oraz na warunkach przez niego okre\u015blonych.<\/strong><\/li>\n<li><strong> Zabrania si\u0119 przygotowywania, mieszania i sk\u0142adowania zaprawy<br \/><\/strong><strong>\u00a0\u00a0\u00a0 betonowej bezpo\u015brednio na alejkach cmentarnych oraz innych<br \/><\/strong><strong>\u00a0\u00a0\u00a0 terenach cmentarnych bez nale\u017cytego zabezpieczenia foli\u0105<br \/><\/strong><strong>\u00a0\u00a0\u00a0 lub plandek\u0105.<\/strong><\/li>\n<li><strong> Nadmiar ziemi, gruzu oraz inne zanieczyszczenia pochodz\u0105ce z prac<br \/><\/strong><strong>\u00a0\u00a0\u00a0 budowlanych musz\u0105\u00a0 by\u0107 usuni\u0119te z cmentarza przez osob\u0119 lub firm\u0119<br \/><\/strong><strong>\u00a0\u00a0\u00a0 wykonuj\u0105c\u0105 prac\u0119 na koszt dysponenta grobu lub rodziny.<\/strong><\/li>\n<li><strong> Zabrania si\u0119 wyrzucania gruzu i odpad\u00f3w po robotach budowlanych<br \/><\/strong><strong>\u00a0\u00a0\u00a0 na \u015bmietnik cmentarny.<\/strong><\/li>\n<li><strong> Rozpocz\u0119cie prac remontowych i budowlanych mo\u017cna podj\u0105\u0107<br \/><\/strong><strong>\u00a0\u00a0\u00a0\u00a0 dopiero po uzgodnieniu ich zakresu z Administratorem cmentarza<br \/><\/strong><strong>\u00a0\u00a0\u00a0\u00a0 i\u00a0\u00a0 uzyskaniu jego pisemnej zgody.\u00a0 <\/strong><\/li>\n<li><strong> Wykonawca prac jest zobowi\u0105zany do naprawienia wszelkich szk\u00f3d<br \/><\/strong><strong>\u00a0\u00a0\u00a0\u00a0\u00a0 powsta\u0142ych w wyniku wykonywanych prac.<\/strong><\/li>\n<li><strong> Na grobach mo\u017cna ustawia\u0107 nagrobki o wymiarach nie<br \/><\/strong><strong>\u00a0\u00a0\u00a0\u00a0\u00a0 przekraczaj\u0105cych granic powierzchni grobu.<\/strong><\/li>\n<li><strong> Nagrobek nie jest w\u0142asno\u015bci\u0105 parafii.<\/strong><\/li>\n<li><strong> Parafia jest w\u0142a\u015bcicielem grunt\u00f3w, drzewostanu i grob\u00f3w, jako \u015bci\u015ble<br \/><\/strong><strong>\u00a0\u00a0\u00a0\u00a0\u00a0 zwi\u0105zanych z gruntem\u00a0 i wszystkich urz\u0105dze\u0144 znajduj\u0105cych si\u0119 na<br \/><\/strong><strong>\u00a0\u00a0\u00a0\u00a0\u00a0 terenie cmentarza.<\/strong><\/li>\n<li><strong> Groby jako w\u0142asno\u015b\u0107 parafii s\u0105 do dyspozycji mieszka\u0144c\u00f3w parafii.<\/strong><\/li>\n<li><strong> Dysponentem grobu jest osoba wyznaczona przez ca\u0142\u0105 rodzin\u0119 i ma<br \/><\/strong><strong>\u00a0\u00a0\u00a0\u00a0\u00a0 umow\u0119 na u\u017cytkowanie grobu.<\/strong><\/li>\n<li><strong> Prawo do grobu, jako miejsca pochowania bliskiej osoby ma rodzina.<br \/><\/strong><strong>\u00a0\u00a0\u00a0\u00a0\u00a0 Obejmuje to w szczeg\u00f3lno\u015bci\u00a0 dochowanie, przebudow\u0119 grobu,<br \/><\/strong><strong>\u00a0\u00a0\u00a0\u00a0\u00a0 ekshumacj\u0119, postawienie nagrobka i inne czynno\u015bci z tym<br \/><\/strong><strong>\u00a0\u00a0\u00a0\u00a0\u00a0 zwi\u0105zane. Wszystkie te czynno\u015bci nale\u017cy ustala\u0107 z Administratorem<br \/><\/strong><strong>\u00a0\u00a0\u00a0\u00a0\u00a0\u00a0 cmentarza.<\/strong><\/li>\n<li><strong>Do obowi\u0105zk\u00f3w dysponenta grobu lub ca\u0142ej rodziny nale\u017cy dba\u0142o\u015b\u0107<br \/>o czysto\u015b\u0107 i porz\u0105dek przy grobie oraz stan techniczny\u00a0 nagrobka.<\/strong><\/li>\n<li><strong> Administrator cmentarza nie ubezpiecza grob\u00f3w od jakichkolwiek<\/strong><strong> zniszcze\u0144.<\/strong><\/li>\n<li><strong> Administrator cmentarza nie odpowiada za szkody na grobach<\/strong><strong> powsta\u0142e wskutek kl\u0119sk \u017cywio\u0142owych.<\/strong><\/li>\n<li><strong> Indywidualne ubezpieczenie grobu spoczywa na dysponencie grobu<\/strong><strong> lub rodzinie.<\/strong><\/li>\n<li><strong> Czas i rodzaj pogrzebu, rodzaj grobu, miejsce na cmentarzu <\/strong><strong>uzgadnia si\u0119 z Administratorem\u00a0 cmentarza w kancelarii parafialnej,<\/strong><strong> gdzie nale\u017cy przed\u0142o\u017cy\u0107\u00a0 orygina\u0142 aktu zgonu z Urz\u0119du Stanu <\/strong><strong>Cywilnego i dokument dla administracji<br \/>cmentarza.<\/strong><\/li>\n<li><strong> W naszej parafii z racji dysponowania grobem nie pobiera si\u0119 <\/strong><strong>cyklicznie tzw.<br \/>?pok\u0142adnego? .<\/strong><\/li>\n<li><strong> Od stycznia 2017 roku ustanowiona zostaje op\u0142ata roczna w<\/strong><strong> wysoko\u015bci 40 z\u0142. od grobu, przeznaczona na pokrycie koszt\u00f3w<\/strong><strong> zwi\u0105zanych z wywozem \u015bmieci oraz op\u0142atami za wod\u0119 i konieczne<\/strong><strong> prace porz\u0105dkowe. <\/strong><strong>Wp\u0142at nale\u017cy dokonywa\u0107 u Administratora cmentarza ? ka\u017cdego roku<\/strong><strong> lub za 5 lat z g\u00f3ry.<br \/>Op\u0142ata za 5 lat z g\u00f3ry wynosi 160 z\u0142.<\/strong><\/li>\n<li><strong> Wszystkie przepisy prawne dotycz\u0105ce cmentarza<\/strong><strong> grzebalnego udost\u0119pniane s\u0105 do wgl\u0105du w kancelarii parafialnej.<\/strong><\/li>\n<\/ol>\n<p><strong>Regulamin zosta\u0142 zatwierdzony przez Rad\u0119 Duszpastersk\u0105 dnia 16.10.2016 r.<\/strong><\/p>\n<p style=\"text-align: right;\"><strong>Regulamin obowi\u0105zuje od 15.11.2016 r.<\/strong><\/p>","protected":false},"excerpt":{"rendered":"<p>REGULAMIN CMENTARZA PARAFIALNEGO Ko\u015bci\u00f3\u0142 zawsze uwa\u017ca\u0142 cmentarze, grobowce, jak i poszczeg\u00f3lne mogi\u0142y, gdzie spoczywaj\u0105 cia\u0142a zmar\u0142ych, za miejsca \u015bwi\u0119te. Prawo kanoniczne okre\u015bla: miejscami \u015bwi\u0119tymi s\u0105 te, kt\u00f3re przez po\u015bwi\u0119cenie lub b\u0142ogos\u0142awie\u0144stwo, dokonane wed\u0142ug przepis\u00f3w ksi\u0105g liturgicznych, przeznacza si\u0119 do kultu Bo\u017cego lub na grzebanie wiernych \/KPK, kan. 1205\/.Cmentarz jest miejscem ciszy, modlitwy i zadumy, nale\u017cy &hellip; <a href=\"https:\/\/www.tomaszowice.diecezja.lublin.pl\/?page_id=2511\" class=\"more-link\">Czytaj dalej <span class=\"screen-reader-text\">Cmentarz parafialny<\/span> <span class=\"meta-nav\">&rarr;<\/span><\/a><\/p>\n","protected":false},"author":1,"featured_media":0,"parent":0,"menu_order":0,"comment_status":"closed","ping_status":"closed","template":"","meta":{"footnotes":""},"class_list":["post-2511","page","type-page","status-publish","hentry"],"_links":{"self":[{"href":"https:\/\/www.tomaszowice.diecezja.lublin.pl\/index.php?rest_route=\/wp\/v2\/pages\/2511","targetHints":{"allow":["GET"]}}],"collection":[{"href":"https:\/\/www.tomaszowice.diecezja.lublin.pl\/index.php?rest_route=\/wp\/v2\/pages"}],"about":[{"href":"https:\/\/www.tomaszowice.diecezja.lublin.pl\/index.php?rest_route=\/wp\/v2\/types\/page"}],"author":[{"embeddable":true,"href":"https:\/\/www.tomaszowice.diecezja.lublin.pl\/index.php?rest_route=\/wp\/v2\/users\/1"}],"replies":[{"embeddable":true,"href":"https:\/\/www.tomaszowice.diecezja.lublin.pl\/index.php?rest_route=%2Fwp%2Fv2%2Fcomments&post=2511"}],"version-history":[{"count":9,"href":"https:\/\/www.tomaszowice.diecezja.lublin.pl\/index.php?rest_route=\/wp\/v2\/pages\/2511\/revisions"}],"predecessor-version":[{"id":5342,"href":"https:\/\/www.tomaszowice.diecezja.lublin.pl\/index.php?rest_route=\/wp\/v2\/pages\/2511\/revisions\/5342"}],"wp:attachment":[{"href":"https:\/\/www.tomaszowice.diecezja.lublin.pl\/index.php?rest_route=%2Fwp%2Fv2%2Fmedia&parent=2511"}],"curies":[{"name":"wp","href":"https:\/\/api.w.org\/{rel}","templated":true}]}}