{"id":2553,"date":"2016-12-18T20:27:25","date_gmt":"2016-12-18T19:27:25","guid":{"rendered":"http:\/\/www.tomaszowice.diecezja.lublin.pl\/?page_id=2553"},"modified":"2017-01-08T13:17:27","modified_gmt":"2017-01-08T12:17:27","slug":"plan-wizyty-duszpasterskiej","status":"publish","type":"page","link":"https:\/\/www.tomaszowice.diecezja.lublin.pl\/?page_id=2553","title":{"rendered":"Plan wizyty duszpasterskiej"},"content":{"rendered":"<p style=\"text-align: center;\"><strong>Grudzie\u0144 2016 r.<\/strong><\/p>\n<p>27.12.2016 r.\u00a0\u00a0\u00a0 <strong>od 10.15<\/strong>\u00a0 Moszna pod O\u017carowem;<br \/>\n<span style=\"color: #ffffff;\">.\u00a0<\/span>\u00a0<strong>\u00a0\u00a0\u00a0\u00a0\u00a0\u00a0\u00a0\u00a0\u00a0\u00a0\u00a0\u00a0\u00a0\u00a0\u00a0\u00a0\u00a0\u00a0\u00a0\u00a0\u00a0\u00a0\u00a0\u00a0\u00a0\u00a0\u00a0\u00a0 od 10.15<\/strong>\u00a0 Tomaszowice ? Kol. od Jaszczuk\u00f3w do Wolak\u00f3w,<br \/>\n<span style=\"color: #ffffff;\">.\u00a0<\/span>\u00a0\u00a0\u00a0\u00a0\u00a0\u00a0\u00a0\u00a0\u00a0\u00a0\u00a0\u00a0\u00a0\u00a0\u00a0\u00a0\u00a0\u00a0\u00a0\u00a0\u00a0\u00a0\u00a0\u00a0\u00a0\u00a0\u00a0\u00a0\u00a0 nast\u0119pnie Moszna ? Stara Wie\u015b.<\/p>\n<p>28.12.2016 r.\u00a0\u00a0\u00a0 Sieprawki;<br \/>\n<span style=\"color: #ffffff;\">.<\/span>\u00a0\u00a0\u00a0\u00a0\u00a0\u00a0\u00a0\u00a0\u00a0\u00a0\u00a0\u00a0\u00a0\u00a0\u00a0\u00a0\u00a0\u00a0\u00a0\u00a0\u00a0\u00a0\u00a0\u00a0\u00a0\u00a0\u00a0\u00a0\u00a0\u00a0 P\u0142ouszowice ? Kol. w polach a nast\u0119pnie P\u0142. Wie\u015b.<\/p>\n<p>29.12.2016 r.\u00a0\u00a0\u00a0 P\u0142ouszowice ? Kol. przy szosie ? po obydwu stronach.<\/p>\n<p>30.12.2016 r.\u00a0\u00a0\u00a0 Tomaszowice ? Kol. od lasu;<br \/>\n<span style=\"color: #ffffff;\">.\u00a0<\/span>\u00a0\u00a0\u00a0\u00a0\u00a0\u00a0\u00a0\u00a0\u00a0\u00a0\u00a0\u00a0\u00a0\u00a0\u00a0\u00a0\u00a0\u00a0\u00a0\u00a0\u00a0\u00a0\u00a0\u00a0\u00a0\u00a0\u00a0\u00a0\u00a0 Tomaszowice &#8211; Kol. od Racha\u0144czyk\u00f3w do Stachyr\u00f3w.<\/p>\n<p>31.12.2016 r.\u00a0\u00a0\u00a0 Tomaszowice ? Kol. przy ko\u015bciele<br \/>\n<span style=\"color: #ffffff;\">.<\/span>\u00a0\u00a0\u00a0\u00a0\u00a0\u00a0\u00a0\u00a0\u00a0\u00a0\u00a0\u00a0\u00a0\u00a0\u00a0\u00a0\u00a0\u00a0\u00a0\u00a0\u00a0\u00a0\u00a0\u00a0\u00a0\u00a0\u00a0\u00a0\u00a0\u00a0\u00a0 ? jednocze\u015bnie od ronda i od p. Habz\u00f3w przy drodze do Motycza.<\/p>\n<p style=\"text-align: center;\"><strong><em>Stycze\u0144 2017 r.<\/em><\/strong><\/p>\n<p>2.01.2017 r.\u00a0\u00a0\u00a0 Tomaszowice ? Kol. i Wie\u015b od Jab\u0142o\u0144skich do Ostrowskich;<br \/>\n<span style=\"color: #ffffff;\">.\u00a0<\/span>\u00a0\u00a0\u00a0\u00a0\u00a0\u00a0\u00a0\u00a0\u00a0\u00a0\u00a0\u00a0\u00a0\u00a0\u00a0\u00a0\u00a0\u00a0\u00a0\u00a0\u00a0\u00a0\u00a0\u00a0\u00a0\u00a0\u00a0 Tomaszowice ? Kol. od Zagrodnik\u00f3w do Stefaniak\u00f3w.<\/p>\n<p>3.01.2017 r.\u00a0\u00a0\u00a0 Tomaszowice od Kucharzyk\u00f3w do Koz\u0142owskich;<br \/>\n<span style=\"color: #ffffff;\">.<\/span>\u00a0\u00a0\u00a0\u00a0\u00a0\u00a0\u00a0\u00a0\u00a0\u00a0\u00a0\u00a0\u00a0\u00a0\u00a0\u00a0\u00a0\u00a0\u00a0\u00a0\u00a0\u00a0\u00a0\u00a0\u00a0\u00a0\u00a0\u00a0 Moszna pod Mi\u0142ocinem od Matyjasik\u00f3w do J\u00f3\u017awik\u00f3w.<\/p>\n<p>4.01.2017 r.\u00a0\u00a0\u00a0 Mi\u0142ocin Wie\u015b.<\/p>\n<p>5.01.2017 r.\u00a0\u00a0\u00a0 Moszna pod Sadurkami;<br \/>\n<span style=\"color: #ffffff;\">.\u00a0\u00a0\u00a0<\/span>\u00a0\u00a0\u00a0\u00a0\u00a0\u00a0\u00a0\u00a0\u00a0\u00a0\u00a0\u00a0\u00a0\u00a0\u00a0\u00a0\u00a0\u00a0\u00a0\u00a0\u00a0\u00a0\u00a0\u00a0\u00a0 <strong>od 10.15<\/strong>\u00a0 Moszna ? Kol. od Pietrak\u00f3w do G\u00f3reckich.<\/p>\n<p>7.01.2017 r.\u00a0\u00a0\u00a0 Tomaszowice ? Kol. Lipy ? po obydwu stronach.<\/p>\n<p>9.01.2017 r.\u00a0\u00a0\u00a0 Moszna ? Czarne Pomiary;<br \/>\n<span style=\"color: #ffffff;\">.\u00a0\u00a0<\/span>\u00a0\u00a0\u00a0\u00a0\u00a0\u00a0\u00a0\u00a0\u00a0\u00a0\u00a0\u00a0\u00a0\u00a0\u00a0\u00a0\u00a0\u00a0\u00a0\u00a0\u00a0\u00a0\u00a0\u00a0\u00a0 Mi\u0142ocin od Adamczyk\u00f3w do Poleszak\u00f3w.<\/p>\n<p align=\"LEFT\">10.01.2017 r.\u00a0\u00a0\u00a0 Tomaszowice od Czubak\u00f3w do Ska\u0142eckich;<br \/>\n<span style=\"color: #ffffff;\">.\u00a0<\/span>\u00a0\u00a0\u00a0\u00a0\u00a0\u00a0\u00a0\u00a0\u00a0\u00a0\u00a0\u00a0\u00a0\u00a0\u00a0\u00a0\u00a0\u00a0\u00a0\u00a0\u00a0\u00a0\u00a0\u00a0\u00a0\u00a0\u00a0\u00a0\u00a0 Mi\u0142ocin \u0141\u0105ki;<br \/>\n<span style=\"color: #ffffff;\">.<\/span>\u00a0\u00a0\u00a0\u00a0\u00a0\u00a0\u00a0\u00a0\u00a0\u00a0\u00a0\u00a0\u00a0\u00a0\u00a0\u00a0\u00a0\u00a0\u00a0\u00a0\u00a0\u00a0\u00a0\u00a0\u00a0\u00a0<strong>\u00a0\u00a0\u00a0\u00a0 od 16.00<\/strong> Mi\u0142ocin ? osiedle przy szkole.<\/p>\n<p align=\"LEFT\"><strong><span style=\"font-size: large;\">W zakrystii lub telefonicznie (605 571 209) mo\u017cna um\u00f3wi\u0107 termin indywidualnej kol\u0119dy. <\/span><\/strong><\/p>\n<p><strong>Serdecznie prosz\u0119 d\u0142u\u017cej mieszkaj\u0105cych na danym terenie,\u00a0 o powiadomienie o tym wydarzeniu nowych mieszka\u0144c\u00f3w ? Waszych\u00a0 s\u0105siad\u00f3w.<\/strong><strong><br \/>\n<em><u>Powy\u017cszy plan, z wa\u017cnych przyczyn, mo\u017ce ulec zmianie<\/u><\/em><\/strong><\/p>\n","protected":false},"excerpt":{"rendered":"<p>Grudzie\u0144 2016 r. 27.12.2016 r.\u00a0\u00a0\u00a0 od 10.15\u00a0 Moszna pod O\u017carowem; .\u00a0\u00a0\u00a0\u00a0\u00a0\u00a0\u00a0\u00a0\u00a0\u00a0\u00a0\u00a0\u00a0\u00a0\u00a0\u00a0\u00a0\u00a0\u00a0\u00a0\u00a0\u00a0\u00a0\u00a0\u00a0\u00a0\u00a0\u00a0\u00a0\u00a0 od 10.15\u00a0 Tomaszowice ? Kol. od Jaszczuk\u00f3w do Wolak\u00f3w, .\u00a0\u00a0\u00a0\u00a0\u00a0\u00a0\u00a0\u00a0\u00a0\u00a0\u00a0\u00a0\u00a0\u00a0\u00a0\u00a0\u00a0\u00a0\u00a0\u00a0\u00a0\u00a0\u00a0\u00a0\u00a0\u00a0\u00a0\u00a0\u00a0\u00a0 nast\u0119pnie Moszna ? Stara Wie\u015b. 28.12.2016 r.\u00a0\u00a0\u00a0 Sieprawki; .\u00a0\u00a0\u00a0\u00a0\u00a0\u00a0\u00a0\u00a0\u00a0\u00a0\u00a0\u00a0\u00a0\u00a0\u00a0\u00a0\u00a0\u00a0\u00a0\u00a0\u00a0\u00a0\u00a0\u00a0\u00a0\u00a0\u00a0\u00a0\u00a0\u00a0 P\u0142ouszowice ? Kol. w polach a nast\u0119pnie P\u0142. Wie\u015b. 29.12.2016 r.\u00a0\u00a0\u00a0 P\u0142ouszowice ? Kol. przy szosie ? po obydwu stronach. 30.12.2016 r.\u00a0\u00a0\u00a0 Tomaszowice ? Kol. &hellip; <a href=\"https:\/\/www.tomaszowice.diecezja.lublin.pl\/?page_id=2553\" class=\"more-link\">Czytaj dalej <span class=\"screen-reader-text\">Plan wizyty duszpasterskiej<\/span> <span class=\"meta-nav\">&rarr;<\/span><\/a><\/p>\n","protected":false},"author":1,"featured_media":0,"parent":0,"menu_order":0,"comment_status":"closed","ping_status":"closed","template":"","meta":{"footnotes":""},"class_list":["post-2553","page","type-page","status-publish","hentry"],"_links":{"self":[{"href":"https:\/\/www.tomaszowice.diecezja.lublin.pl\/index.php?rest_route=\/wp\/v2\/pages\/2553","targetHints":{"allow":["GET"]}}],"collection":[{"href":"https:\/\/www.tomaszowice.diecezja.lublin.pl\/index.php?rest_route=\/wp\/v2\/pages"}],"about":[{"href":"https:\/\/www.tomaszowice.diecezja.lublin.pl\/index.php?rest_route=\/wp\/v2\/types\/page"}],"author":[{"embeddable":true,"href":"https:\/\/www.tomaszowice.diecezja.lublin.pl\/index.php?rest_route=\/wp\/v2\/users\/1"}],"replies":[{"embeddable":true,"href":"https:\/\/www.tomaszowice.diecezja.lublin.pl\/index.php?rest_route=%2Fwp%2Fv2%2Fcomments&post=2553"}],"version-history":[{"count":4,"href":"https:\/\/www.tomaszowice.diecezja.lublin.pl\/index.php?rest_route=\/wp\/v2\/pages\/2553\/revisions"}],"predecessor-version":[{"id":2580,"href":"https:\/\/www.tomaszowice.diecezja.lublin.pl\/index.php?rest_route=\/wp\/v2\/pages\/2553\/revisions\/2580"}],"wp:attachment":[{"href":"https:\/\/www.tomaszowice.diecezja.lublin.pl\/index.php?rest_route=%2Fwp%2Fv2%2Fmedia&parent=2553"}],"curies":[{"name":"wp","href":"https:\/\/api.w.org\/{rel}","templated":true}]}}